{"id":15676,"date":"2014-05-08T09:13:14","date_gmt":"2014-05-08T09:13:14","guid":{"rendered":"http:\/\/demo.qodeinteractive.com\/bridge4\/?page_id=15676"},"modified":"2022-06-08T15:45:34","modified_gmt":"2022-06-08T13:45:34","slug":"home","status":"publish","type":"page","link":"https:\/\/preprod.buyby-market.com\/","title":{"rendered":"Home"},"content":{"rendered":"<p>[vc_row css_animation=\u00a0\u00bb\u00a0\u00bb row_type=\u00a0\u00bbrow\u00a0\u00bb use_row_as_full_screen_section=\u00a0\u00bbyes\u00a0\u00bb type=\u00a0\u00bbgrid\u00a0\u00bb angled_section=\u00a0\u00bbno\u00a0\u00bb text_align=\u00a0\u00bbleft\u00a0\u00bb background_image_as_pattern=\u00a0\u00bbwithout_pattern\u00a0\u00bb background_color=\u00a0\u00bb#ffffff\u00a0\u00bb padding_top=\u00a0\u00bb88&Prime; z_index=\u00a0\u00bb\u00a0\u00bb][vc_column][vc_column_text]<\/p>\n<h2 style=\"text-align: center;\">UNE \u00c9QUIPE AU SERVICE DE <span style=\"color: #088b8a;\">VOS PROJETS<\/span><\/h2>\n<p>[\/vc_column_text][vc_separator type=\u00a0\u00bbtransparent\u00a0\u00bb up=\u00a0\u00bb13&Prime; down=\u00a0\u00bb0&Prime;][vc_column_text]<\/p>\n<h5 style=\"text-align: center;\">Nos \u00e9quipes de designers, cr\u00e9atifs, techniciens et poseurs vous accompagnent tout au long de l\u2019\u00e9laboration de votre projet sur un concept de stand ou de POP-UP Store unique et personnalis\u00e9.<\/h5>\n<p>[\/vc_column_text][vc_separator type=\u00a0\u00bbtransparent\u00a0\u00bb up=\u00a0\u00bb64&Prime; down=\u00a0\u00bb0&Prime;][vc_row_inner row_type=\u00a0\u00bbrow\u00a0\u00bb type=\u00a0\u00bbfull_width\u00a0\u00bb text_align=\u00a0\u00bbleft\u00a0\u00bb css_animation=\u00a0\u00bb\u00a0\u00bb][vc_column_inner width=\u00a0\u00bb1\/4&Prime;][icon_text box_type=\u00a0\u00bbnormal\u00a0\u00bb icon_pack=\u00a0\u00bbfont_awesome_5&Prime; font_awesome_5=\u00a0\u00bbfa fa-box-open\u00a0\u00bb icon_type=\u00a0\u00bbcircle\u00a0\u00bb icon_position=\u00a0\u00bbtop\u00a0\u00bb icon_margin=\u00a0\u00bb0 0 0 0&Prime; icon_size=\u00a0\u00bbfa-4x\u00a0\u00bb use_custom_icon_size=\u00a0\u00bbyes\u00a0\u00bb custom_icon_size=\u00a0\u00bb50&Prime; icon_animation=\u00a0\u00bbq_icon_animation\u00a0\u00bb icon_animation_delay=\u00a0\u00bb0.2&Prime; separator=\u00a0\u00bbno\u00a0\u00bb link=\u00a0\u00bb#\u00a0\u00bb link_text=\u00a0\u00bbPOP-UP STORE\u00a0\u00bb icon_border_color=\u00a0\u00bb#f7f7f7&Prime; icon_background_color=\u00a0\u00bb#f7f7f7&Prime; icon_color=\u00a0\u00bb#088b8a\u00a0\u00bb link_color=\u00a0\u00bb#333333&Prime; icon_hover_color=\u00a0\u00bb#4e6674&Prime;][vc_separator type=\u00a0\u00bbtransparent\u00a0\u00bb up=\u00a0\u00bb73&Prime; down=\u00a0\u00bb0&Prime;][\/vc_column_inner][vc_column_inner width=\u00a0\u00bb1\/4&Prime;][icon_text box_type=\u00a0\u00bbnormal\u00a0\u00bb icon_pack=\u00a0\u00bbfont_awesome_5&Prime; font_awesome_5=\u00a0\u00bbfa fa-store\u00a0\u00bb icon_type=\u00a0\u00bbcircle\u00a0\u00bb icon_position=\u00a0\u00bbtop\u00a0\u00bb icon_margin=\u00a0\u00bb0 0 0 0&Prime; icon_size=\u00a0\u00bbfa-4x\u00a0\u00bb use_custom_icon_size=\u00a0\u00bbyes\u00a0\u00bb custom_icon_size=\u00a0\u00bb50&Prime; icon_animation=\u00a0\u00bbq_icon_animation\u00a0\u00bb icon_animation_delay=\u00a0\u00bb0.2&Prime; separator=\u00a0\u00bbno\u00a0\u00bb link=\u00a0\u00bb#\u00a0\u00bb link_text=\u00a0\u00bbSTANDS\u00a0\u00bb icon_background_color=\u00a0\u00bb#f7f7f7&Prime; icon_color=\u00a0\u00bb#088b8a\u00a0\u00bb link_color=\u00a0\u00bb#333333&Prime; icon_hover_color=\u00a0\u00bb#4e6674&Prime;][vc_separator type=\u00a0\u00bbtransparent\u00a0\u00bb up=\u00a0\u00bb73&Prime; down=\u00a0\u00bb0&Prime;][\/vc_column_inner][vc_column_inner width=\u00a0\u00bb1\/4&Prime;][icon_text box_type=\u00a0\u00bbnormal\u00a0\u00bb icon_pack=\u00a0\u00bbfont_awesome_5&Prime; font_awesome_5=\u00a0\u00bbfa fa-people-carry\u00a0\u00bb icon_type=\u00a0\u00bbcircle\u00a0\u00bb icon_position=\u00a0\u00bbtop\u00a0\u00bb icon_margin=\u00a0\u00bb0 0 0 0&Prime; icon_size=\u00a0\u00bbfa-4x\u00a0\u00bb use_custom_icon_size=\u00a0\u00bbyes\u00a0\u00bb custom_icon_size=\u00a0\u00bb50&Prime; icon_animation=\u00a0\u00bbq_icon_animation\u00a0\u00bb icon_animation_delay=\u00a0\u00bb0.2&Prime; separator=\u00a0\u00bbno\u00a0\u00bb link=\u00a0\u00bb#\u00a0\u00bb link_text=\u00a0\u00bbAGENCEMENT COMMERCIAUX\u00a0\u00bb link_icon=\u00a0\u00bbyes\u00a0\u00bb icon_border_color=\u00a0\u00bb#f7f7f7&Prime; icon_background_color=\u00a0\u00bb#f7f7f7&Prime; icon_color=\u00a0\u00bb#088b8a\u00a0\u00bb link_color=\u00a0\u00bb#333333&Prime; icon_hover_color=\u00a0\u00bb#4e6674&Prime;][vc_separator type=\u00a0\u00bbtransparent\u00a0\u00bb up=\u00a0\u00bb73&Prime; down=\u00a0\u00bb0&Prime;][\/vc_column_inner][vc_column_inner width=\u00a0\u00bb1\/4&Prime;][icon_text box_type=\u00a0\u00bbnormal\u00a0\u00bb icon_pack=\u00a0\u00bbfont_awesome_5&Prime; font_awesome_5=\u00a0\u00bbfa fa-chalkboard\u00a0\u00bb icon_type=\u00a0\u00bbcircle\u00a0\u00bb icon_position=\u00a0\u00bbtop\u00a0\u00bb icon_margin=\u00a0\u00bb0 0 0 0&Prime; icon_size=\u00a0\u00bbfa-4x\u00a0\u00bb use_custom_icon_size=\u00a0\u00bbyes\u00a0\u00bb custom_icon_size=\u00a0\u00bb50&Prime; icon_animation=\u00a0\u00bbq_icon_animation\u00a0\u00bb icon_animation_delay=\u00a0\u00bb0.2&Prime; separator=\u00a0\u00bbno\u00a0\u00bb link=\u00a0\u00bb#\u00a0\u00bb link_text=\u00a0\u00bbPLV\u00a0\u00bb icon_border_color=\u00a0\u00bb#f7f7f7&Prime; icon_background_color=\u00a0\u00bb#f7f7f7&Prime; icon_color=\u00a0\u00bb#088b8a\u00a0\u00bb link_color=\u00a0\u00bb#333333&Prime; icon_hover_color=\u00a0\u00bb#4e6674&Prime;][vc_separator type=\u00a0\u00bbtransparent\u00a0\u00bb up=\u00a0\u00bb73&Prime; down=\u00a0\u00bb0&Prime;][\/vc_column_inner][\/vc_row_inner][\/vc_column][\/vc_row][vc_row css_animation=\u00a0\u00bb\u00a0\u00bb row_type=\u00a0\u00bbrow\u00a0\u00bb use_row_as_full_screen_section=\u00a0\u00bbno\u00a0\u00bb type=\u00a0\u00bbgrid\u00a0\u00bb angled_section=\u00a0\u00bbno\u00a0\u00bb text_align=\u00a0\u00bbleft\u00a0\u00bb background_image_as_pattern=\u00a0\u00bbwithout_pattern\u00a0\u00bb background_color=\u00a0\u00bb#f7f7f7&Prime; padding_top=\u00a0\u00bb88&Prime; padding_bottom=\u00a0\u00bb0&Prime;][vc_column][vc_column_text]<\/p>\n<h2 style=\"text-align: center;\">NOUS SUIVONS VOS PROJETS<\/h2>\n<p>[\/vc_column_text][vc_separator type=\u00a0\u00bbtransparent\u00a0\u00bb up=\u00a0\u00bb13&Prime; down=\u00a0\u00bb0&Prime;][vc_column_text]<\/p>\n<h5 style=\"text-align: center;\">A vos c\u00f4t\u00e9s du d\u00e9but \u00e0 la fin !<\/h5>\n<p>[\/vc_column_text][vc_separator type=\u00a0\u00bbtransparent\u00a0\u00bb up=\u00a0\u00bb64&Prime; down=\u00a0\u00bb0&Prime;][\/vc_column][\/vc_row][vc_row css_animation=\u00a0\u00bb\u00a0\u00bb row_type=\u00a0\u00bbrow\u00a0\u00bb use_row_as_full_screen_section=\u00a0\u00bbno\u00a0\u00bb type=\u00a0\u00bbgrid\u00a0\u00bb angled_section=\u00a0\u00bbno\u00a0\u00bb text_align=\u00a0\u00bbleft\u00a0\u00bb background_image_as_pattern=\u00a0\u00bbwithout_pattern\u00a0\u00bb padding_top=\u00a0\u00bb0&Prime; padding_bottom=\u00a0\u00bb32&Prime; background_color=\u00a0\u00bb#f7f7f7&Prime;][vc_column width=\u00a0\u00bb1\/3&Prime;][vc_single_image image=\u00a0\u00bb16203&Prime; img_size=\u00a0\u00bb300&#215;300&Prime; alignment=\u00a0\u00bbcenter\u00a0\u00bb style=\u00a0\u00bbvc_box_rounded\u00a0\u00bb onclick=\u00a0\u00bbcustom_link\u00a0\u00bb qode_css_animation=\u00a0\u00bbelement_from_fade\u00a0\u00bb transition_delay=\u00a0\u00bb0.2&Prime; link=\u00a0\u00bb\/index.php\/nos-services\/\u00a0\u00bb][vc_separator type=\u00a0\u00bbtransparent\u00a0\u00bb up=\u00a0\u00bb42&Prime; down=\u00a0\u00bb0&Prime;][vc_column_text]<\/p>\n<h2 style=\"text-align: center;\"><span style=\"color: #088b8a;\">01<\/span> CONCEPTION<\/h2>\n<p>[\/vc_column_text][vc_separator type=\u00a0\u00bbtransparent\u00a0\u00bb up=\u00a0\u00bb12&Prime; down=\u00a0\u00bb0&Prime;][vc_column_text]<\/p>\n<p style=\"text-align: center;\">Notre bureau d\u2019\u00e9tude compos\u00e9 de designers 3D et de techniciens multi-mat\u00e9riaux vous accompagne dans la cr\u00e9ation de votre stand sur-mesure afin que celui-ci r\u00e9ponde enti\u00e8rement \u00e0 vos besoins : optimisation de l\u2019espace d\u00e9di\u00e9, optimisation de la surface de vente, optimisation du parcours client, rien ne doit \u00eatre laiss\u00e9 au hasard .<br \/>\nPar leurs id\u00e9es cr\u00e9atives, nos graphistes sauront \u00e9galement mettre en valeur l\u2019image de marque de votre entreprise.<\/p>\n<p>[\/vc_column_text][\/vc_column][vc_column width=\u00a0\u00bb1\/3&Prime;][vc_single_image image=\u00a0\u00bb16371&Prime; img_size=\u00a0\u00bb300&#215;300&Prime; alignment=\u00a0\u00bbcenter\u00a0\u00bb style=\u00a0\u00bbvc_box_rounded\u00a0\u00bb onclick=\u00a0\u00bbcustom_link\u00a0\u00bb qode_css_animation=\u00a0\u00bbelement_from_fade\u00a0\u00bb transition_delay=\u00a0\u00bb0.4&Prime; link=\u00a0\u00bb\/index.php\/nos-services\/\u00a0\u00bb][vc_separator type=\u00a0\u00bbtransparent\u00a0\u00bb up=\u00a0\u00bb42&Prime; down=\u00a0\u00bb0&Prime;][vc_column_text]<\/p>\n<h2 style=\"text-align: center;\"><span style=\"color: #088b8a;\">02<\/span> FABRICATION<\/h2>\n<p>[\/vc_column_text][vc_separator type=\u00a0\u00bbtransparent\u00a0\u00bb up=\u00a0\u00bb12&Prime; down=\u00a0\u00bb0&Prime;][vc_column_text]<\/p>\n<p style=\"text-align: center;\">Nos \u00e9quipes g\u00e8rerons l\u2019ensemble des \u00e9tapes de fabrication de votre Pop-Up Store gr\u00e2ce aux outils de production mis \u00e0 votre disposition ainsi que nos comp\u00e9tences multi-mat\u00e9riaux :<\/p>\n<ul>\n<li style=\"text-align: center;\">BOIS<\/li>\n<li style=\"text-align: center;\">METAL<\/li>\n<li style=\"text-align: center;\">VERRE<\/li>\n<li style=\"text-align: center;\">PLASTIQUE<\/li>\n<li style=\"text-align: center;\">&#8230;<\/li>\n<\/ul>\n<p>[\/vc_column_text][\/vc_column][vc_column width=\u00a0\u00bb1\/3&Prime;][vc_single_image image=\u00a0\u00bb16180&Prime; img_size=\u00a0\u00bb300&#215;300&Prime; alignment=\u00a0\u00bbcenter\u00a0\u00bb style=\u00a0\u00bbvc_box_rounded\u00a0\u00bb onclick=\u00a0\u00bbcustom_link\u00a0\u00bb qode_css_animation=\u00a0\u00bbelement_from_fade\u00a0\u00bb transition_delay=\u00a0\u00bb0.6&Prime; link=\u00a0\u00bb\/index.php\/nos-services\/\u00a0\u00bb][vc_separator type=\u00a0\u00bbtransparent\u00a0\u00bb up=\u00a0\u00bb42&Prime; down=\u00a0\u00bb0&Prime;][vc_column_text]<\/p>\n<h2 style=\"text-align: center;\"><span style=\"color: #088b8a;\">03<\/span> INSTALLATION<br \/>\nPOSE<\/h2>\n<p>[\/vc_column_text][vc_separator type=\u00a0\u00bbtransparent\u00a0\u00bb up=\u00a0\u00bb12&Prime; down=\u00a0\u00bb0&Prime;][vc_column_text]<\/p>\n<p style=\"text-align: center;\">Votre projet de stand est bien d\u00e9marr\u00e9, la production se passe \u00e0 merveille, tous les \u00e9l\u00e9ments de votre nouveau stand sur mesure sont pr\u00eats ! Il reste, n\u00e9anmoins, une \u00e9tape cruciale, peut-\u00eatre la plus importante : L\u2019 installation de votre stand.<\/p>\n<p style=\"text-align: center;\">Celle-ci sera effectu\u00e9e par notre \u00e9quipe de poseurs exp\u00e9riment\u00e9e et \u00e0 votre service.<\/p>\n<p>[\/vc_column_text][\/vc_column][\/vc_row][vc_row css_animation=\u00a0\u00bb\u00a0\u00bb row_type=\u00a0\u00bbrow\u00a0\u00bb use_row_as_full_screen_section=\u00a0\u00bbno\u00a0\u00bb type=\u00a0\u00bbgrid\u00a0\u00bb angled_section=\u00a0\u00bbno\u00a0\u00bb text_align=\u00a0\u00bbcenter\u00a0\u00bb background_image_as_pattern=\u00a0\u00bbwithout_pattern\u00a0\u00bb padding_top=\u00a0\u00bb0&Prime; padding_bottom=\u00a0\u00bb32&Prime; background_color=\u00a0\u00bb#f7f7f7&Prime; z_index=\u00a0\u00bb\u00a0\u00bb][vc_column width=\u00a0\u00bb1\/6&Prime;][\/vc_column][vc_column width=\u00a0\u00bb1\/3&Prime;][vc_single_image image=\u00a0\u00bb16559&Prime; img_size=\u00a0\u00bb300&#215;300&Prime; alignment=\u00a0\u00bbcenter\u00a0\u00bb style=\u00a0\u00bbvc_box_rounded\u00a0\u00bb onclick=\u00a0\u00bbcustom_link\u00a0\u00bb qode_css_animation=\u00a0\u00bbelement_from_fade\u00a0\u00bb transition_delay=\u00a0\u00bb0.4&Prime; link=\u00a0\u00bb\/index.php\/nos-services\/\u00a0\u00bb][vc_separator type=\u00a0\u00bbtransparent\u00a0\u00bb up=\u00a0\u00bb42&Prime; down=\u00a0\u00bb0&Prime;][vc_column_text]<\/p>\n<h2 style=\"text-align: center;\"><span style=\"color: #088b8a;\">04<\/span>\u00a0STOCKAGE DE STAND<\/h2>\n<p>[\/vc_column_text][vc_separator type=\u00a0\u00bbtransparent\u00a0\u00bb up=\u00a0\u00bb12&Prime; down=\u00a0\u00bb0&Prime;][vc_column_text]<\/p>\n<p style=\"text-align: center;\">Votre op\u00e9ration est termin\u00e9e et la prochaine est dans quelques semaines, quelques mois. Aucune inqui\u00e9tude, nous prendrons soins de votre stand ou de votre Pop-Up en attendant de les r\u00e9-installer.<\/p>\n<p>[\/vc_column_text][\/vc_column][vc_column width=\u00a0\u00bb1\/3&Prime;][vc_single_image image=\u00a0\u00bb16558&Prime; img_size=\u00a0\u00bb300&#215;300&Prime; alignment=\u00a0\u00bbcenter\u00a0\u00bb style=\u00a0\u00bbvc_box_rounded\u00a0\u00bb onclick=\u00a0\u00bbcustom_link\u00a0\u00bb qode_css_animation=\u00a0\u00bbelement_from_fade\u00a0\u00bb transition_delay=\u00a0\u00bb0.2&Prime; link=\u00a0\u00bb\/index.php\/nos-services\/\u00a0\u00bb][vc_separator type=\u00a0\u00bbtransparent\u00a0\u00bb up=\u00a0\u00bb42&Prime; down=\u00a0\u00bb0&Prime;][vc_column_text]<\/p>\n<h2 style=\"text-align: center;\"><span style=\"color: #088b8a;\">05<\/span> SERVICES ANNEXES<\/h2>\n<p>[\/vc_column_text][vc_separator type=\u00a0\u00bbtransparent\u00a0\u00bb up=\u00a0\u00bb12&Prime; down=\u00a0\u00bb0&Prime;][vc_column_text]<\/p>\n<ul>\n<li style=\"text-align: center;\">Notre service communication : une v\u00e9ritable agence de communication a votre service pour la cr\u00e9ation de vos diff\u00e9rents outils de communication (logo, identit\u00e9 graphique, site web, flyers, plaquettes,\u2026<\/li>\n<li style=\"text-align: center;\">Un service de location de mat\u00e9riel<\/li>\n<li style=\"text-align: center;\">Le service PLV : nous vous aidons \u00e0 l\u2019\u00e9laboration des supports de pr\u00e9sentation de vos produits<\/li>\n<li style=\"text-align: center;\">Le service sourcing: Une \u00e9quipe d\u00e9di\u00e9e pour trouver ce qu\u2019il vous manque pour la parfaite r\u00e9ussite de votre op\u00e9ration \u00a0: bonbons, goodies, marquages, mat\u00e9riels sp\u00e9cifiques, etc.<\/li>\n<\/ul>\n<p>[\/vc_column_text][\/vc_column][vc_column width=\u00a0\u00bb1\/6&Prime;][\/vc_column][\/vc_row][vc_row css_animation=\u00a0\u00bb\u00a0\u00bb row_type=\u00a0\u00bbrow\u00a0\u00bb use_row_as_full_screen_section=\u00a0\u00bbno\u00a0\u00bb type=\u00a0\u00bbgrid\u00a0\u00bb angled_section=\u00a0\u00bbno\u00a0\u00bb text_align=\u00a0\u00bbleft\u00a0\u00bb background_image_as_pattern=\u00a0\u00bbwithout_pattern\u00a0\u00bb padding_top=\u00a0\u00bb40&Prime; padding_bottom=\u00a0\u00bb0&Prime; anchor=\u00a0\u00bbportfolio\u00a0\u00bb background_color=\u00a0\u00bb#ffffff\u00a0\u00bb z_index=\u00a0\u00bb\u00a0\u00bb][vc_column width=\u00a0\u00bb1\/2&Prime;][vc_single_image image=\u00a0\u00bb16183&Prime; img_size=\u00a0\u00bb500X400&Prime; alignment=\u00a0\u00bbcenter\u00a0\u00bb qode_css_animation=\u00a0\u00bb\u00a0\u00bb transition_delay=\u00a0\u00bb0&Prime;][\/vc_column][vc_column width=\u00a0\u00bb1\/2&Prime;][vc_separator type=\u00a0\u00bbtransparent\u00a0\u00bb up=\u00a0\u00bb0&Prime; down=\u00a0\u00bb0&Prime;][vc_separator type=\u00a0\u00bbtransparent\u00a0\u00bb up=\u00a0\u00bb35&Prime; down=\u00a0\u00bb0&Prime;][vc_separator type=\u00a0\u00bbtransparent\u00a0\u00bb up=\u00a0\u00bb30&Prime; down=\u00a0\u00bb0&Prime;][vc_column_text]<\/p>\n<h2 style=\"text-align: center;\">LE POP-UP STORE SAVEURS GOURMANDES<\/h2>\n<p>[\/vc_column_text][vc_separator type=\u00a0\u00bbtransparent\u00a0\u00bb up=\u00a0\u00bb13&Prime; down=\u00a0\u00bb0&Prime;][vc_column_text]<\/p>\n<h5 style=\"text-align: center;\">De la conception \u00e0 l&rsquo;installation<\/h5>\n<p>[\/vc_column_text][vc_row_inner row_type=\u00a0\u00bbrow\u00a0\u00bb type=\u00a0\u00bbfull_width\u00a0\u00bb text_align=\u00a0\u00bbcenter\u00a0\u00bb css_animation=\u00a0\u00bb\u00a0\u00bb][vc_column_inner][button target=\u00a0\u00bb_self\u00a0\u00bb hover_type=\u00a0\u00bbdefault\u00a0\u00bb text=\u00a0\u00bbDECOUVRIR CETTE R\u00c9ALISATION\u00a0\u00bb link=\u00a0\u00bb\/index.php\/portfolio-realisations\/\u00a0\u00bb][\/vc_column_inner][\/vc_row_inner][\/vc_column][\/vc_row][vc_row css_animation=\u00a0\u00bb\u00a0\u00bb row_type=\u00a0\u00bbrow\u00a0\u00bb use_row_as_full_screen_section=\u00a0\u00bbno\u00a0\u00bb type=\u00a0\u00bbgrid\u00a0\u00bb angled_section=\u00a0\u00bbno\u00a0\u00bb text_align=\u00a0\u00bbleft\u00a0\u00bb background_image_as_pattern=\u00a0\u00bbwithout_pattern\u00a0\u00bb padding_top=\u00a0\u00bb75&Prime; padding_bottom=\u00a0\u00bb35&Prime; anchor=\u00a0\u00bbportfolio\u00a0\u00bb background_color=\u00a0\u00bb#ffffff\u00a0\u00bb z_index=\u00a0\u00bb\u00a0\u00bb][vc_column width=\u00a0\u00bb1\/2&Prime;][vc_separator type=\u00a0\u00bbtransparent\u00a0\u00bb up=\u00a0\u00bb0&Prime; down=\u00a0\u00bb0&Prime;][vc_separator type=\u00a0\u00bbtransparent\u00a0\u00bb up=\u00a0\u00bb35&Prime; down=\u00a0\u00bb0&Prime;][vc_separator type=\u00a0\u00bbtransparent\u00a0\u00bb up=\u00a0\u00bb30&Prime; down=\u00a0\u00bb0&Prime;][vc_column_text]<\/p>\n<h2 style=\"text-align: center;\">AGENCEMENT COMMERCIAL<\/h2>\n<p>[\/vc_column_text][vc_separator type=\u00a0\u00bbtransparent\u00a0\u00bb up=\u00a0\u00bb13&Prime; down=\u00a0\u00bb0&Prime;][vc_column_text]<\/p>\n<h5 style=\"text-align: center;\">Agencement complet de Points de Vente<\/h5>\n<p>[\/vc_column_text][vc_row_inner row_type=\u00a0\u00bbrow\u00a0\u00bb type=\u00a0\u00bbfull_width\u00a0\u00bb text_align=\u00a0\u00bbcenter\u00a0\u00bb css_animation=\u00a0\u00bb\u00a0\u00bb][vc_column_inner][button target=\u00a0\u00bb_self\u00a0\u00bb hover_type=\u00a0\u00bbdefault\u00a0\u00bb text=\u00a0\u00bbVOIR NOS SERVICES\u00a0\u00bb link=\u00a0\u00bb\/index.php\/nos-services\/\u00a0\u00bb][\/vc_column_inner][\/vc_row_inner][\/vc_column][vc_column width=\u00a0\u00bb1\/2&Prime;][vc_single_image image=\u00a0\u00bb16210&Prime; img_size=\u00a0\u00bbfull\u00a0\u00bb alignment=\u00a0\u00bbcenter\u00a0\u00bb qode_css_animation=\u00a0\u00bbelement_from_right\u00a0\u00bb transition_delay=\u00a0\u00bb0.2&Prime;][\/vc_column][\/vc_row]<\/p>\n","protected":false},"excerpt":{"rendered":"<p>[vc_row css_animation=\u00a0\u00bb\u00a0\u00bb row_type=\u00a0\u00bbrow\u00a0\u00bb use_row_as_full_screen_section=\u00a0\u00bbyes\u00a0\u00bb type=\u00a0\u00bbgrid\u00a0\u00bb angled_section=\u00a0\u00bbno\u00a0\u00bb text_align=\u00a0\u00bbleft\u00a0\u00bb background_image_as_pattern=\u00a0\u00bbwithout_pattern\u00a0\u00bb background_color=\u00a0\u00bb#ffffff\u00a0\u00bb padding_top=\u00a0\u00bb88&Prime; z_index=\u00a0\u00bb\u00a0\u00bb][vc_column][vc_column_text] UNE \u00c9QUIPE AU SERVICE DE VOS PROJETS [\/vc_column_text][vc_separator type=\u00a0\u00bbtransparent\u00a0\u00bb up=\u00a0\u00bb13&Prime; down=\u00a0\u00bb0&Prime;][vc_column_text] Nos \u00e9quipes de designers, cr\u00e9atifs, techniciens et poseurs vous accompagnent tout au long de l\u2019\u00e9laboration de votre projet sur un concept de stand&#8230;<\/p>\n","protected":false},"author":1,"featured_media":0,"parent":0,"menu_order":0,"comment_status":"open","ping_status":"open","template":"full_width.php","meta":{"footnotes":""},"class_list":["post-15676","page","type-page","status-publish","hentry"],"_links":{"self":[{"href":"https:\/\/preprod.buyby-market.com\/index.php\/wp-json\/wp\/v2\/pages\/15676","targetHints":{"allow":["GET"]}}],"collection":[{"href":"https:\/\/preprod.buyby-market.com\/index.php\/wp-json\/wp\/v2\/pages"}],"about":[{"href":"https:\/\/preprod.buyby-market.com\/index.php\/wp-json\/wp\/v2\/types\/page"}],"author":[{"embeddable":true,"href":"https:\/\/preprod.buyby-market.com\/index.php\/wp-json\/wp\/v2\/users\/1"}],"replies":[{"embeddable":true,"href":"https:\/\/preprod.buyby-market.com\/index.php\/wp-json\/wp\/v2\/comments?post=15676"}],"version-history":[{"count":61,"href":"https:\/\/preprod.buyby-market.com\/index.php\/wp-json\/wp\/v2\/pages\/15676\/revisions"}],"predecessor-version":[{"id":16586,"href":"https:\/\/preprod.buyby-market.com\/index.php\/wp-json\/wp\/v2\/pages\/15676\/revisions\/16586"}],"wp:attachment":[{"href":"https:\/\/preprod.buyby-market.com\/index.php\/wp-json\/wp\/v2\/media?parent=15676"}],"curies":[{"name":"wp","href":"https:\/\/api.w.org\/{rel}","templated":true}]}}