{"id":16296,"date":"2022-04-28T20:28:13","date_gmt":"2022-04-28T18:28:13","guid":{"rendered":"http:\/\/preprod.buyby-market.com\/?page_id=16296"},"modified":"2022-06-08T15:15:58","modified_gmt":"2022-06-08T13:15:58","slug":"nos-services","status":"publish","type":"page","link":"https:\/\/preprod.buyby-market.com\/index.php\/nos-services\/","title":{"rendered":"Nos Services"},"content":{"rendered":"<p>[vc_row css_animation=\u00a0\u00bb\u00a0\u00bb row_type=\u00a0\u00bbrow\u00a0\u00bb use_row_as_full_screen_section=\u00a0\u00bbno\u00a0\u00bb type=\u00a0\u00bbfull_width\u00a0\u00bb angled_section=\u00a0\u00bbno\u00a0\u00bb text_align=\u00a0\u00bbleft\u00a0\u00bb background_image_as_pattern=\u00a0\u00bbwithout_pattern\u00a0\u00bb z_index=\u00a0\u00bb\u00a0\u00bb][vc_column][vc_column_text]<\/p>\n<h2 style=\"text-align: center;\">NOS SERVICES<\/h2>\n<p>[\/vc_column_text][vc_separator type=\u00a0\u00bbsmall\u00a0\u00bb position=\u00a0\u00bbcenter\u00a0\u00bb up=\u00a0\u00bb20&Prime; down=\u00a0\u00bb44&Prime;][\/vc_column][\/vc_row][vc_row css_animation=\u00a0\u00bb\u00a0\u00bb row_type=\u00a0\u00bbrow\u00a0\u00bb use_row_as_full_screen_section=\u00a0\u00bbno\u00a0\u00bb type=\u00a0\u00bbgrid\u00a0\u00bb angled_section=\u00a0\u00bbno\u00a0\u00bb text_align=\u00a0\u00bbleft\u00a0\u00bb background_image_as_pattern=\u00a0\u00bbwithout_pattern\u00a0\u00bb padding_bottom=\u00a0\u00bb0&Prime; anchor=\u00a0\u00bbportfolio\u00a0\u00bb background_color=\u00a0\u00bb#ffffff\u00a0\u00bb z_index=\u00a0\u00bb\u00a0\u00bb padding_top=\u00a0\u00bb20&Prime;][vc_column width=\u00a0\u00bb1\/2&Prime;][vc_separator type=\u00a0\u00bbtransparent\u00a0\u00bb up=\u00a0\u00bb10&Prime; down=\u00a0\u00bb0&Prime;][vc_single_image image=\u00a0\u00bb16207&Prime; img_size=\u00a0\u00bbfull\u00a0\u00bb alignment=\u00a0\u00bbcenter\u00a0\u00bb qode_css_animation=\u00a0\u00bbelement_from_left\u00a0\u00bb transition_delay=\u00a0\u00bb0.2&Prime;][vc_separator type=\u00a0\u00bbtransparent\u00a0\u00bb up=\u00a0\u00bb100&Prime; down=\u00a0\u00bb0&Prime;][\/vc_column][vc_column width=\u00a0\u00bb1\/2&Prime;][vc_empty_space][vc_column_text]<\/p>\n<h2 style=\"text-align: left;\"><span style=\"color: #088b8a;\">LES STANDS<\/span><\/h2>\n<p>[\/vc_column_text][vc_separator type=\u00a0\u00bbtransparent\u00a0\u00bb up=\u00a0\u00bb13&Prime; down=\u00a0\u00bb8&Prime;][vc_column_text]Le concept du stand, comme le stand d&rsquo;exposition pour les salons professionnels, le stand de march\u00e9 ou de galerie commerciale (pop-up store), est une surface d\u00e9di\u00e9e \u00e0 des produits ou objets destin\u00e9s \u00e0 la vente, ainsi qu\u2019\u00e0 la d\u00e9monstration ou l\u2019exhibition de produits ou services. Il sert \u00e9galement \u00e0 lier ou renforcer le contact avec les clients existants ou potentiels. Il \u00e9volue au rythme des strat\u00e9gies commerciales.[\/vc_column_text][vc_separator type=\u00a0\u00bbtransparent\u00a0\u00bb up=\u00a0\u00bb35&Prime; down=\u00a0\u00bb0&Prime;][vc_row_inner row_type=\u00a0\u00bbrow\u00a0\u00bb type=\u00a0\u00bbfull_width\u00a0\u00bb text_align=\u00a0\u00bbleft\u00a0\u00bb css_animation=\u00a0\u00bb\u00a0\u00bb][vc_column_inner][button target=\u00a0\u00bb_self\u00a0\u00bb hover_type=\u00a0\u00bbdefault\u00a0\u00bb text=\u00a0\u00bbDEMANDER UN DEVIS\u00a0\u00bb link=\u00a0\u00bb\/index.php\/contact-2\/\u00a0\u00bb][\/vc_column_inner][\/vc_row_inner][vc_separator type=\u00a0\u00bbtransparent\u00a0\u00bb up=\u00a0\u00bb100&Prime; down=\u00a0\u00bb0&Prime;][\/vc_column][\/vc_row][vc_row css_animation=\u00a0\u00bb\u00a0\u00bb row_type=\u00a0\u00bbrow\u00a0\u00bb use_row_as_full_screen_section=\u00a0\u00bbno\u00a0\u00bb type=\u00a0\u00bbgrid\u00a0\u00bb angled_section=\u00a0\u00bbno\u00a0\u00bb text_align=\u00a0\u00bbleft\u00a0\u00bb background_image_as_pattern=\u00a0\u00bbwithout_pattern\u00a0\u00bb padding_top=\u00a0\u00bb20&Prime; padding_bottom=\u00a0\u00bb0&Prime; anchor=\u00a0\u00bbportfolio\u00a0\u00bb background_color=\u00a0\u00bb#f7f7f7&Prime; z_index=\u00a0\u00bb\u00a0\u00bb][vc_column width=\u00a0\u00bb1\/2&Prime;][vc_separator type=\u00a0\u00bbtransparent\u00a0\u00bb up=\u00a0\u00bb35&Prime; down=\u00a0\u00bb0&Prime;][vc_separator type=\u00a0\u00bbtransparent\u00a0\u00bb up=\u00a0\u00bb35&Prime; down=\u00a0\u00bb0&Prime;][vc_separator type=\u00a0\u00bbtransparent\u00a0\u00bb up=\u00a0\u00bb35&Prime; down=\u00a0\u00bb0&Prime;][vc_column_text]<\/p>\n<h2 style=\"text-align: left;\"><span style=\"color: #088b8a;\">POP-UP STORES<\/span><\/h2>\n<p>[\/vc_column_text][vc_separator type=\u00a0\u00bbtransparent\u00a0\u00bb up=\u00a0\u00bb13&Prime; down=\u00a0\u00bb8&Prime;][vc_column_text]<span style=\"color: #088b8a;\">BuyBy Market<\/span>\u00a0vous accompagne dans votre projet de <span style=\"color: #088b8a;\">Pop-Up store<\/span> d\u00e8s la phase de conception, en passant par la fabrication, jusqu\u2019\u00e0 l\u2019installation. Que ce soit pour une utilisation int\u00e9rieure, dans une galerie commerciale ou \u00e0 l\u2019ext\u00e9rieur, nos \u00e9quipes sauront vous apporter leur expertise pour que votre projet soit un succ\u00e8s.[\/vc_column_text][vc_row_inner row_type=\u00a0\u00bbrow\u00a0\u00bb type=\u00a0\u00bbfull_width\u00a0\u00bb text_align=\u00a0\u00bbleft\u00a0\u00bb css_animation=\u00a0\u00bb\u00a0\u00bb][vc_column_inner][button target=\u00a0\u00bb_self\u00a0\u00bb hover_type=\u00a0\u00bbdefault\u00a0\u00bb text=\u00a0\u00bbDEMANDER UN DEVIS\u00a0\u00bb link=\u00a0\u00bb\/index.php\/contact-2\/\u00a0\u00bb][\/vc_column_inner][\/vc_row_inner][\/vc_column][vc_column width=\u00a0\u00bb1\/2&Prime;][vc_separator type=\u00a0\u00bbtransparent\u00a0\u00bb up=\u00a0\u00bb10&Prime; down=\u00a0\u00bb0&Prime;][vc_single_image image=\u00a0\u00bb16575&Prime; img_size=\u00a0\u00bbfull\u00a0\u00bb alignment=\u00a0\u00bbcenter\u00a0\u00bb qode_css_animation=\u00a0\u00bbelement_from_right\u00a0\u00bb transition_delay=\u00a0\u00bb0.4&Prime;][vc_separator type=\u00a0\u00bbtransparent\u00a0\u00bb up=\u00a0\u00bb10&Prime; down=\u00a0\u00bb0&Prime;][\/vc_column][\/vc_row][vc_row css_animation=\u00a0\u00bb\u00a0\u00bb row_type=\u00a0\u00bbrow\u00a0\u00bb use_row_as_full_screen_section=\u00a0\u00bbno\u00a0\u00bb type=\u00a0\u00bbgrid\u00a0\u00bb angled_section=\u00a0\u00bbno\u00a0\u00bb text_align=\u00a0\u00bbleft\u00a0\u00bb background_image_as_pattern=\u00a0\u00bbwithout_pattern\u00a0\u00bb padding_top=\u00a0\u00bb20&Prime; padding_bottom=\u00a0\u00bb0&Prime; anchor=\u00a0\u00bbportfolio\u00a0\u00bb background_color=\u00a0\u00bb#ffffff\u00a0\u00bb z_index=\u00a0\u00bb\u00a0\u00bb][vc_column width=\u00a0\u00bb1\/2&Prime;][vc_separator type=\u00a0\u00bbtransparent\u00a0\u00bb up=\u00a0\u00bb10&Prime; down=\u00a0\u00bb0&Prime;][vc_single_image image=\u00a0\u00bb16210&Prime; img_size=\u00a0\u00bbfull\u00a0\u00bb alignment=\u00a0\u00bbcenter\u00a0\u00bb style=\u00a0\u00bbvc_box_border\u00a0\u00bb qode_css_animation=\u00a0\u00bbelement_from_left\u00a0\u00bb transition_delay=\u00a0\u00bb0.2&Prime;][vc_separator type=\u00a0\u00bbtransparent\u00a0\u00bb up=\u00a0\u00bb100&Prime; down=\u00a0\u00bb0&Prime;][\/vc_column][vc_column width=\u00a0\u00bb1\/2&Prime; css=\u00a0\u00bb.vc_custom_1651493184960{padding-top: 20px !important;}\u00a0\u00bb][vc_column_text]<\/p>\n<h2 style=\"text-align: left;\"><span style=\"color: #088b8a;\">A G E N C E M E N T<br \/>\nM O B I L I E R<br \/>\nC O M M E R C I A L<\/span><\/h2>\n<p>[\/vc_column_text][vc_separator type=\u00a0\u00bbtransparent\u00a0\u00bb up=\u00a0\u00bb13&Prime; down=\u00a0\u00bb8&Prime;][vc_column_text]Vous avez un projet d\u2019agencement pour votre futur point de vente ?<br \/>\nL\u2019am\u00e9nagement actuel de votre magasin, son mobilier commercial et<span style=\"color: #088b8a;\"> sa mise en <\/span><span style=\"color: #088b8a;\">sc\u00e8ne<\/span> ne sont pas ou plus \u00e0 votre go\u00fbt ? Vous souhaitez <span style=\"color: #088b8a;\">s\u00e9duire le consommateur <\/span>en lui proposant une nouvelle <span style=\"color: #088b8a;\">pr\u00e9sentation <\/span><span style=\"color: #088b8a;\">des produits<\/span>, en r\u00e9organisant le <span style=\"color: #088b8a;\">parcours <\/span><span style=\"color: #088b8a;\">client ?<\/span><br \/>\nVotre <span style=\"color: #088b8a;\">show-room<\/span> doit s\u2019adapter aux nouvelles collections ?[\/vc_column_text][vc_separator type=\u00a0\u00bbtransparent\u00a0\u00bb up=\u00a0\u00bb35&Prime; down=\u00a0\u00bb0&Prime;][vc_row_inner row_type=\u00a0\u00bbrow\u00a0\u00bb type=\u00a0\u00bbfull_width\u00a0\u00bb text_align=\u00a0\u00bbleft\u00a0\u00bb css_animation=\u00a0\u00bb\u00a0\u00bb][vc_column_inner][button target=\u00a0\u00bb_self\u00a0\u00bb hover_type=\u00a0\u00bbdefault\u00a0\u00bb text=\u00a0\u00bbDEMANDER UN DEVIS\u00a0\u00bb link=\u00a0\u00bb\/index.php\/contact-2\/\u00a0\u00bb][\/vc_column_inner][\/vc_row_inner][vc_separator type=\u00a0\u00bbtransparent\u00a0\u00bb up=\u00a0\u00bb100&Prime; down=\u00a0\u00bb0&Prime;][\/vc_column][\/vc_row][vc_row css_animation=\u00a0\u00bb\u00a0\u00bb row_type=\u00a0\u00bbrow\u00a0\u00bb use_row_as_full_screen_section=\u00a0\u00bbno\u00a0\u00bb type=\u00a0\u00bbgrid\u00a0\u00bb angled_section=\u00a0\u00bbno\u00a0\u00bb text_align=\u00a0\u00bbleft\u00a0\u00bb background_image_as_pattern=\u00a0\u00bbwithout_pattern\u00a0\u00bb padding_top=\u00a0\u00bb20&Prime; padding_bottom=\u00a0\u00bb0&Prime; anchor=\u00a0\u00bbportfolio\u00a0\u00bb background_color=\u00a0\u00bb#f7f7f7&Prime; z_index=\u00a0\u00bb\u00a0\u00bb][vc_column width=\u00a0\u00bb1\/2&Prime;][vc_column_text]<\/p>\n<h2 style=\"text-align: left;\"><span style=\"color: #088b8a;\">PLV Multi-Mat\u00e9riaux<\/span><\/h2>\n<p>[\/vc_column_text][vc_separator type=\u00a0\u00bbtransparent\u00a0\u00bb up=\u00a0\u00bb13&Prime; down=\u00a0\u00bb8&Prime;][vc_column_text]Am\u00e9liorer <strong><span style=\"color: #088b8a;\">l\u2019exp\u00e9rience client en magasin<\/span><\/strong> est essentiel pour favoriser l\u2019achat.<br \/>\nL\u2019ensemble des services mis \u00e0 votre disposition permettent de vous accompagner de la gen\u00e8se de votre projet jusqu\u2019\u00e0 sa mise en place en point de vente.<br \/>\nLa synergie entre <span style=\"color: #088b8a;\"><strong>notre studio de cr\u00e9ation<\/strong><\/span>, notre <strong><span style=\"color: #088b8a;\">bureau d\u2019\u00e9tude<\/span><\/strong> et<strong><span style=\"color: #088b8a;\"> notre service fabrication \/ logistique <\/span><\/strong>nous apporte une r\u00e9activit\u00e9 et une efficacit\u00e9 permettant de respecter au mieux vos d\u00e9lais et contraintes.<br \/>\nNous vous conseillons sur la meilleure strat\u00e9gie \u00e0 adopter tout au long de votre projet.[\/vc_column_text][vc_separator type=\u00a0\u00bbtransparent\u00a0\u00bb up=\u00a0\u00bb35&Prime; down=\u00a0\u00bb0&Prime;][vc_row_inner row_type=\u00a0\u00bbrow\u00a0\u00bb type=\u00a0\u00bbfull_width\u00a0\u00bb text_align=\u00a0\u00bbleft\u00a0\u00bb css_animation=\u00a0\u00bb\u00a0\u00bb][vc_column_inner][button target=\u00a0\u00bb_blank\u00a0\u00bb hover_type=\u00a0\u00bbdefault\u00a0\u00bb text=\u00a0\u00bbVOIR NOTRE SITE PLV\u00a0\u00bb link=\u00a0\u00bbhttps:\/\/impact-plv.com\/\u00a0\u00bb][\/vc_column_inner][\/vc_row_inner][vc_separator type=\u00a0\u00bbtransparent\u00a0\u00bb up=\u00a0\u00bb100&Prime; down=\u00a0\u00bb0&Prime;][\/vc_column][vc_column width=\u00a0\u00bb1\/2&Prime;][vc_separator type=\u00a0\u00bbtransparent\u00a0\u00bb up=\u00a0\u00bb10&Prime; down=\u00a0\u00bb0&Prime;][vc_single_image image=\u00a0\u00bb16373&Prime; img_size=\u00a0\u00bbfull\u00a0\u00bb alignment=\u00a0\u00bbcenter\u00a0\u00bb qode_css_animation=\u00a0\u00bbelement_from_right\u00a0\u00bb transition_delay=\u00a0\u00bb0.4&Prime;][vc_separator type=\u00a0\u00bbtransparent\u00a0\u00bb up=\u00a0\u00bb100&Prime; down=\u00a0\u00bb0&Prime;][\/vc_column][\/vc_row]<\/p>\n","protected":false},"excerpt":{"rendered":"<p>[vc_row css_animation=\u00a0\u00bb\u00a0\u00bb row_type=\u00a0\u00bbrow\u00a0\u00bb use_row_as_full_screen_section=\u00a0\u00bbno\u00a0\u00bb type=\u00a0\u00bbfull_width\u00a0\u00bb angled_section=\u00a0\u00bbno\u00a0\u00bb text_align=\u00a0\u00bbleft\u00a0\u00bb background_image_as_pattern=\u00a0\u00bbwithout_pattern\u00a0\u00bb z_index=\u00a0\u00bb\u00a0\u00bb][vc_column][vc_column_text] NOS SERVICES [\/vc_column_text][vc_separator type=\u00a0\u00bbsmall\u00a0\u00bb position=\u00a0\u00bbcenter\u00a0\u00bb up=\u00a0\u00bb20&Prime; down=\u00a0\u00bb44&Prime;][\/vc_column][\/vc_row][vc_row css_animation=\u00a0\u00bb\u00a0\u00bb row_type=\u00a0\u00bbrow\u00a0\u00bb use_row_as_full_screen_section=\u00a0\u00bbno\u00a0\u00bb type=\u00a0\u00bbgrid\u00a0\u00bb angled_section=\u00a0\u00bbno\u00a0\u00bb text_align=\u00a0\u00bbleft\u00a0\u00bb background_image_as_pattern=\u00a0\u00bbwithout_pattern\u00a0\u00bb padding_bottom=\u00a0\u00bb0&Prime; anchor=\u00a0\u00bbportfolio\u00a0\u00bb background_color=\u00a0\u00bb#ffffff\u00a0\u00bb z_index=\u00a0\u00bb\u00a0\u00bb padding_top=\u00a0\u00bb20&Prime;][vc_column width=\u00a0\u00bb1\/2&Prime;][vc_separator type=\u00a0\u00bbtransparent\u00a0\u00bb up=\u00a0\u00bb10&Prime; down=\u00a0\u00bb0&Prime;][vc_single_image image=\u00a0\u00bb16207&Prime; img_size=\u00a0\u00bbfull\u00a0\u00bb alignment=\u00a0\u00bbcenter\u00a0\u00bb qode_css_animation=\u00a0\u00bbelement_from_left\u00a0\u00bb transition_delay=\u00a0\u00bb0.2&Prime;][vc_separator type=\u00a0\u00bbtransparent\u00a0\u00bb up=\u00a0\u00bb100&Prime; down=\u00a0\u00bb0&Prime;][\/vc_column][vc_column width=\u00a0\u00bb1\/2&Prime;][vc_empty_space][vc_column_text] LES STANDS [\/vc_column_text][vc_separator type=\u00a0\u00bbtransparent\u00a0\u00bb&#8230;<\/p>\n","protected":false},"author":1,"featured_media":0,"parent":0,"menu_order":0,"comment_status":"closed","ping_status":"closed","template":"full_width.php","meta":{"footnotes":""},"class_list":["post-16296","page","type-page","status-publish","hentry"],"_links":{"self":[{"href":"https:\/\/preprod.buyby-market.com\/index.php\/wp-json\/wp\/v2\/pages\/16296","targetHints":{"allow":["GET"]}}],"collection":[{"href":"https:\/\/preprod.buyby-market.com\/index.php\/wp-json\/wp\/v2\/pages"}],"about":[{"href":"https:\/\/preprod.buyby-market.com\/index.php\/wp-json\/wp\/v2\/types\/page"}],"author":[{"embeddable":true,"href":"https:\/\/preprod.buyby-market.com\/index.php\/wp-json\/wp\/v2\/users\/1"}],"replies":[{"embeddable":true,"href":"https:\/\/preprod.buyby-market.com\/index.php\/wp-json\/wp\/v2\/comments?post=16296"}],"version-history":[{"count":44,"href":"https:\/\/preprod.buyby-market.com\/index.php\/wp-json\/wp\/v2\/pages\/16296\/revisions"}],"predecessor-version":[{"id":16579,"href":"https:\/\/preprod.buyby-market.com\/index.php\/wp-json\/wp\/v2\/pages\/16296\/revisions\/16579"}],"wp:attachment":[{"href":"https:\/\/preprod.buyby-market.com\/index.php\/wp-json\/wp\/v2\/media?parent=16296"}],"curies":[{"name":"wp","href":"https:\/\/api.w.org\/{rel}","templated":true}]}}